{"id":120,"date":"2023-05-10T15:26:49","date_gmt":"2023-05-10T15:26:49","guid":{"rendered":"https:\/\/adesur.cfloja.org\/?page_id=120"},"modified":"2023-06-12T20:22:50","modified_gmt":"2023-06-12T20:22:50","slug":"home-2","status":"publish","type":"page","link":"https:\/\/adesur.cfloja.org\/","title":{"rendered":"Home"},"content":{"rendered":"\n\n\n<h2>OBJETIVO GENERAL<\/h2>\n\n<p>Apoyar al cuidado del empleo formal a trav\u00e9s del desarrollo de emprendimientos de zona de frontera que requieran reactivaci\u00f3n y crecimiento, mediante la capacitaci\u00f3n, acompa\u00f1amiento, acceso a mercados din\u00e1micos y financiamiento a trav\u00e9s de recursos de capital semilla no reembolsable. <\/p>\n\n\n\n\n\n\n\n\n\n\n<h4>Durante la presente convocatoria se verificar\u00e1 el cumplimiento de los siguientes<\/h4>\n<h3>CRITERIOS<\/h3>\n<p>1.Principios de comercio justo.\n<\/p>\n<p>\n2.Orientaci\u00f3n con los Objetivos de Desarrollo Sostenible 2030\n<\/p>\n<p>3. Equidad de oportunidades para las diferentes etapas\n<\/p>\n<p>4.\tRespeto y conservaci\u00f3n del medio ambiente. <\/p>\n<p> \n5.\tServicios, bienes o procesos con valor agregado que aporte al desarrollo socioecon\u00f3mico del pa\u00eds.\n<\/p>\n<p>6.\tGeneraci\u00f3n de impactos sociales, econ\u00f3micos, culturales y\/o tecnol\u00f3gicos que fomenten el desarrollo de la econom\u00eda basada en el conocimiento. <\/p>\n<p>\n7.\tSe impulsar\u00e1 emprendimientos que propongan nuevas cadenas de producci\u00f3n y comercializaci\u00f3n basados en econom\u00eda circular y en la vocaci\u00f3n productiva de la provincia.\n<\/p>\n<p>8.\tFomento del trabajo colaborativo entre los actores del ecosistema del emprendimiento local.\n<\/p>\n<p>9.\tEl Fondo de Inversi\u00f3n exigir\u00e1 a los emprendimientos m\u00ednimo el 30% de contraparte ya sea en dinero o en productos o servicios valorados.\n.<\/p>\n\n\n\n\n<h2>\u00bfQuienes pueden postular?<\/h2>\n\n<p>A la presente convocatoria podr\u00e1 postular cualquier persona natural, mayor de edad si es un emprendimiento particular.\n<\/p>\n<p>\nEn caso que el equipo de emprendedores est\u00e9 conformado por m\u00ednimo 2 personas, se debe demostrar la conformaci\u00f3n correspondiente, y ser presentado por un representante de este asocio. <\/p>\n<p>\n \nNo podr\u00e1 cambiarse, al representante del proyecto en ninguna etapa de la convocatoria, ni durante la ejecuci\u00f3n del proyecto, excepto por motivos de fuerza mayor o caso fortuito, debidamente comprobados. <\/p>\n<p>\n \nLos postulantes deber\u00e1n demostrar que cuentan con capacidad t\u00e9cnica, administrativa y econ\u00f3mica para ejecutar el proyecto de acuerdo a las condiciones establecidas en la presente convocatoria.<\/p>\n\n\n\n\n\n\n\n\n\n\n<h2><strong><em style=\"color: rgb(255, 255, 255);\">CRONOGRAMA<\/em><\/strong>&nbsp;<\/h2>\n\n\n\n\nMI\u00e9rcoles 24 de mayo de 2023\n\n\n\n\n\n\nHasta el domingo 11 de junio de 2023\n\n\n\n\n\n\n12 al 15 de junio de 2023\n\n\n\n\n\n\ndel 16 al 20 de junio de 2023\n\n\n\n\n\n\ndel 21 al 23 de junio 2023\n\n\n\n\n\n\n27 de junio de 2023\n\n\n\n\n\n\n\n\n<h2>PROGRAMA \u00abEL ORO EMPRENDE\u00bb<\/h2>\n\n<p>El Fondo cuenta la modalidad de Capital Semilla, los mismos que ser\u00e1n no reembolsables, de acuerdo al siguiente detalle: <\/p>\n\n\n\n\n\n\n\n\n\n\n\n\n\n","protected":false},"excerpt":{"rendered":"","protected":false},"author":1,"featured_media":0,"parent":0,"menu_order":0,"comment_status":"closed","ping_status":"closed","template":"","meta":{"footnotes":""},"class_list":["post-120","page","type-page","status-publish","hentry"],"_links":{"self":[{"href":"https:\/\/adesur.cfloja.org\/index.php?rest_route=\/wp\/v2\/pages\/120","targetHints":{"allow":["GET"]}}],"collection":[{"href":"https:\/\/adesur.cfloja.org\/index.php?rest_route=\/wp\/v2\/pages"}],"about":[{"href":"https:\/\/adesur.cfloja.org\/index.php?rest_route=\/wp\/v2\/types\/page"}],"author":[{"embeddable":true,"href":"https:\/\/adesur.cfloja.org\/index.php?rest_route=\/wp\/v2\/users\/1"}],"replies":[{"embeddable":true,"href":"https:\/\/adesur.cfloja.org\/index.php?rest_route=%2Fwp%2Fv2%2Fcomments&post=120"}],"version-history":[{"count":12,"href":"https:\/\/adesur.cfloja.org\/index.php?rest_route=\/wp\/v2\/pages\/120\/revisions"}],"predecessor-version":[{"id":182,"href":"https:\/\/adesur.cfloja.org\/index.php?rest_route=\/wp\/v2\/pages\/120\/revisions\/182"}],"wp:attachment":[{"href":"https:\/\/adesur.cfloja.org\/index.php?rest_route=%2Fwp%2Fv2%2Fmedia&parent=120"}],"curies":[{"name":"wp","href":"https:\/\/api.w.org\/{rel}","templated":true}]}}